{"id":29712,"date":"2018-10-23T22:56:07","date_gmt":"2018-10-23T22:56:07","guid":{"rendered":"https:\/\/sertv.accionasolutions.com\/nacionalfm\/?page_id=29712"},"modified":"2018-10-30T00:23:10","modified_gmt":"2018-10-30T00:23:10","slug":"nosotros","status":"publish","type":"page","link":"https:\/\/sertv.gob.pa\/nacionalfm\/nosotros\/","title":{"rendered":"Nosotros"},"content":{"rendered":"<p><div class=\"fusion-fullwidth fullwidth-box fusion-builder-row-1 nonhundred-percent-fullwidth non-hundred-percent-height-scrolling\" style=\"--awb-border-radius-top-left:0px;--awb-border-radius-top-right:0px;--awb-border-radius-bottom-right:0px;--awb-border-radius-bottom-left:0px;--awb-flex-wrap:wrap;\" ><div class=\"fusion-builder-row fusion-row\"><div class=\"fusion-layout-column fusion_builder_column fusion-builder-column-0 fusion_builder_column_1_1 1_1 fusion-one-full fusion-column-first fusion-column-last\" style=\"--awb-bg-size:cover;\"><div class=\"fusion-column-wrapper fusion-flex-column-wrapper-legacy\"><div class=\"fusion-sep-clear\"><\/div><div class=\"fusion-separator fusion-full-width-sep\" style=\"margin-left: auto;margin-right: auto;margin-bottom:40px;width:100%;\"><div class=\"fusion-separator-border sep-single sep-solid\" style=\"--awb-height:20px;--awb-amount:20px;--awb-sep-color:#ee7623;border-color:#ee7623;border-top-width:8px;\"><\/div><\/div><div class=\"fusion-sep-clear\"><\/div><div class=\"fusion-clearfix\"><\/div><\/div><\/div><div class=\"fusion-layout-column fusion_builder_column fusion-builder-column-1 fusion_builder_column_1_2 1_2 fusion-one-half fusion-column-first\" style=\"--awb-bg-size:cover;width:50%;width:calc(50% - ( ( 4% ) * 0.5 ) );margin-right: 4%;\"><div class=\"fusion-column-wrapper fusion-flex-column-wrapper-legacy\"><div class=\"fusion-text fusion-text-1\"><p><strong>Nacional FM<\/strong>, con m\u00e1s de 30 a\u00f1os al servicio de la comunidad, mantiene la responsabilidad como medio de comunicaci\u00f3n estatal de informar, educar y entretener a la sociedad paname\u00f1a.<\/p>\n<p>Nuestro objetivo principal es dinamizar la sociedad, crear ciudadanos cr\u00edticos y pensantes, aumentar la participaci\u00f3n p\u00fablica mediante informativos, programas deportivos, culturales, de entretenimiento; revistas musicales, reportajes, cr\u00f3nicas y programas especiales con la participaci\u00f3n de nuestros oyentes.<\/p>\n<p>Reflejamos de forma imparcial y equilibrada los hechos y las ideas, obtenemos y verificamos los datos con las fuentes, y respetamos la audiencia ofreciendo contenidos dignos.<\/p>\n<p>Somos un equipo de profesionales que brinda las 24 horas del d\u00eda, los siete d\u00edas a la semana, toda la informaci\u00f3n de los hechos que acontecen en la Rep\u00fablica de Panam\u00e1.<\/p>\n<p>Cubrimos todo el territorio nacional con nuestras frecuencias en amplitud modulada y frecuencia modulada e informamos al mundo a trav\u00e9s de Internet.<\/p>\n<\/div><div class=\"fusion-clearfix\"><\/div><\/div><\/div><div class=\"fusion-layout-column fusion_builder_column fusion-builder-column-2 fusion_builder_column_1_2 1_2 fusion-one-half fusion-column-last\" style=\"--awb-bg-size:cover;width:50%;width:calc(50% - ( ( 4% ) * 0.5 ) );\"><div class=\"fusion-column-wrapper fusion-flex-column-wrapper-legacy\"><div class=\"fusion-text fusion-text-2\"><p>nacionalfm.gob.pa, desde 2003 es el servicio de noticias en internet que se actualiza las 24 horas, diariamente.<\/p>\n<p>El objetivo es ofrecer las informaciones desde Panam\u00e1 para el mundo con an\u00e1lisis desde otra perspectiva para mantener la uni\u00f3n de nuestros pueblos y con nuestros nacionales.<\/p>\n<p>No tenemos \u00e1nimo de lucro. S\u00f3lo tenemos ganas de comunicar, y en Internet hemos encontrado el medio ideal para hacerlo libremente. No queremos competir con nadie, sino contribuir a ampliar el abanico de ofertas de audio en la Red.<\/p>\n<p>T\u00fa eres el destinatario o la destinataria de nuestro mensaje radiof\u00f3nico. Sin tu compa\u00f1ia nuestro proyecto resulta absurdo. Si hay algo que no te guste, que te parezca mal, no te calles. Aceptamos todos los comentarios y sugerencias de los oyentes. Nunca dejamos de aprender. Esta emisora es para ti, y nos gustar\u00eda conocer tu opini\u00f3n.<\/p>\n<p>Nacional FM es ante todo una se\u00f1al para todos. Un medio libre, absolutamente pluralista con lo razonable y abierto a todas las ideas y las colaboraciones.<\/p>\n<\/div><div class=\"fusion-clearfix\"><\/div><\/div><\/div><\/div><\/div><div class=\"fusion-fullwidth fullwidth-box fusion-builder-row-2 nonhundred-percent-fullwidth non-hundred-percent-height-scrolling\" style=\"--awb-border-radius-top-left:0px;--awb-border-radius-top-right:0px;--awb-border-radius-bottom-right:0px;--awb-border-radius-bottom-left:0px;--awb-padding-top:50px;--awb-padding-bottom:10px;--awb-background-color:rgba(247,247,247,0.94);--awb-flex-wrap:wrap;\" ><div class=\"fusion-builder-row fusion-row\"><div class=\"fusion-layout-column fusion_builder_column fusion-builder-column-3 fusion_builder_column_1_1 1_1 fusion-one-full fusion-column-first fusion-column-last\" style=\"--awb-bg-size:cover;\"><div class=\"fusion-column-wrapper fusion-flex-column-wrapper-legacy\"><div class=\"fusion-title title fusion-title-1 fusion-sep-none fusion-title-center fusion-title-text fusion-title-size-three\" style=\"--awb-margin-bottom:20px;--awb-margin-top-small:0px;--awb-margin-right-small:0px;--awb-margin-bottom-small:20px;--awb-margin-left-small:0px;\"><h3 class=\"fusion-title-heading title-heading-center fusion-responsive-typography-calculated\" style=\"margin:0;--fontSize:26;line-height:1.5;\"><span style=\"color: #000000;\">SU OPINI\u00d3N NOS IMPORTA<\/span><\/h3><\/div><div class=\"fusion-sep-clear\"><\/div><div class=\"fusion-separator\" style=\"margin-left: auto;margin-right: auto;margin-bottom:20px;width:100%;max-width:20%;\"><div class=\"fusion-separator-border sep-single sep-solid\" style=\"--awb-height:20px;--awb-amount:20px;--awb-sep-color:#ee7623;border-color:#ee7623;border-top-width:2px;\"><\/div><\/div><div class=\"fusion-sep-clear\"><\/div><div class=\"fusion-title title fusion-title-2 fusion-sep-none fusion-title-center fusion-title-text fusion-title-size-one\" style=\"--awb-margin-bottom:10px;--awb-margin-top-small:0px;--awb-margin-right-small:0px;--awb-margin-bottom-small:20px;--awb-margin-left-small:0px;\"><h1 class=\"fusion-title-heading title-heading-center fusion-responsive-typography-calculated\" style=\"margin:0;--fontSize:42;line-height:1.4;\"><span style=\"color: #000000;\">\u00bfTiene alguna<\/span><span style=\"color: #ee7623;\"> pregunta? <\/span><\/h1><\/div><div class=\"fusion-text fusion-text-3\"><p style=\"text-align: center;\">Si busca alguna informaci\u00f3n o tiene alguna sugerencia, puede enviar un mensaje a trav\u00e9s del siguiente formulario.<\/p>\n<\/div><div class=\"fusion-clearfix\"><\/div><\/div><\/div><\/div><\/div><div class=\"fusion-fullwidth fullwidth-box fusion-builder-row-3 nonhundred-percent-fullwidth non-hundred-percent-height-scrolling\" style=\"--awb-border-radius-top-left:0px;--awb-border-radius-top-right:0px;--awb-border-radius-bottom-right:0px;--awb-border-radius-bottom-left:0px;--awb-padding-top:20px;--awb-flex-wrap:wrap;\" ><div class=\"fusion-builder-row fusion-row\"><div class=\"fusion-layout-column fusion_builder_column fusion-builder-column-4 fusion_builder_column_1_1 1_1 fusion-one-full fusion-column-first fusion-column-last\" style=\"--awb-bg-size:cover;\"><div class=\"fusion-column-wrapper fusion-flex-column-wrapper-legacy\">[contact-form-7 id=\"29744\" title=\"Formulario Nacional FM\"]<div class=\"fusion-clearfix\"><\/div><\/div><\/div><\/div><\/div><\/p>\n","protected":false},"excerpt":{"rendered":"","protected":false},"author":3,"featured_media":0,"parent":0,"menu_order":0,"comment_status":"closed","ping_status":"closed","template":"","meta":{"footnotes":""},"class_list":["post-29712","page","type-page","status-publish","hentry"],"_links":{"self":[{"href":"https:\/\/sertv.gob.pa\/nacionalfm\/wp-json\/wp\/v2\/pages\/29712","targetHints":{"allow":["GET"]}}],"collection":[{"href":"https:\/\/sertv.gob.pa\/nacionalfm\/wp-json\/wp\/v2\/pages"}],"about":[{"href":"https:\/\/sertv.gob.pa\/nacionalfm\/wp-json\/wp\/v2\/types\/page"}],"author":[{"embeddable":true,"href":"https:\/\/sertv.gob.pa\/nacionalfm\/wp-json\/wp\/v2\/users\/3"}],"replies":[{"embeddable":true,"href":"https:\/\/sertv.gob.pa\/nacionalfm\/wp-json\/wp\/v2\/comments?post=29712"}],"version-history":[{"count":5,"href":"https:\/\/sertv.gob.pa\/nacionalfm\/wp-json\/wp\/v2\/pages\/29712\/revisions"}],"predecessor-version":[{"id":29769,"href":"https:\/\/sertv.gob.pa\/nacionalfm\/wp-json\/wp\/v2\/pages\/29712\/revisions\/29769"}],"wp:attachment":[{"href":"https:\/\/sertv.gob.pa\/nacionalfm\/wp-json\/wp\/v2\/media?parent=29712"}],"curies":[{"name":"wp","href":"https:\/\/api.w.org\/{rel}","templated":true}]}}